{"id":22,"date":"2026-01-19T16:19:01","date_gmt":"2026-01-19T16:19:01","guid":{"rendered":"https:\/\/berlin-beats-boats.de\/?page_id=22"},"modified":"2026-02-18T15:16:46","modified_gmt":"2026-02-18T15:16:46","slug":"impressum","status":"publish","type":"page","link":"https:\/\/berlin-beats-boats.de\/?page_id=22","title":{"rendered":"Impressum"},"content":{"rendered":"\t\t<div data-elementor-type=\"wp-page\" data-elementor-id=\"22\" class=\"elementor elementor-22\" data-elementor-post-type=\"page\">\n\t\t\t\t<div class=\"elementor-element elementor-element-6f4a52b e-flex e-con-boxed e-con e-parent\" data-id=\"6f4a52b\" data-element_type=\"container\" data-e-type=\"container\">\n\t\t\t\t\t<div class=\"e-con-inner\">\n\t\t<div class=\"elementor-element elementor-element-c8c3bf8 e-con-full e-flex e-con e-child\" data-id=\"c8c3bf8\" data-element_type=\"container\" data-e-type=\"container\">\n\t\t\t\t<div class=\"elementor-element elementor-element-c8ea2b0 elementor-widget elementor-widget-heading\" data-id=\"c8ea2b0\" data-element_type=\"widget\" data-e-type=\"widget\" data-widget_type=\"heading.default\">\n\t\t\t\t\t<h2 class=\"elementor-heading-title elementor-size-default\">Kontakt<\/h2>\t\t\t\t<\/div>\n\t\t\t\t<\/div>\n\t\t<div class=\"elementor-element elementor-element-5843d4d e-con-full e-flex e-con e-child\" data-id=\"5843d4d\" data-element_type=\"container\" data-e-type=\"container\">\n\t\t\t\t<div class=\"elementor-element elementor-element-3e34730 elementor-widget elementor-widget-text-editor\" data-id=\"3e34730\" data-element_type=\"widget\" data-e-type=\"widget\" data-widget_type=\"text-editor.default\">\n\t\t\t\t\t\t\t\t\t<div class=\"ce-textpic ce-left ce-above\"><div class=\"ce-bodytext\"><p>PARTYSAN CENTRAL GmbH<br \/>Pfuelstra\u00dfe 5<br \/>10997 Berlin<\/p><p>Fax: +49 30 400567-19<\/p><p><a title=\"Opens window for sending email\" href=\"https:\/\/www.berlin-beats-boats.de\/#\" data-mailto-token=\"pdlowr-lqirCsduwbvdqfhqwudo1gh\" data-mailto-vector=\"3\">info{at}partysancentral.de<\/a><\/p><p><a class=\"external-link-new-window\" title=\"Opens external link in new window\" href=\"http:\/\/www.berlin-beats-boats.de\" target=\"_blank\" rel=\"noopener noreferrer\">www.berlin-beats-boats.de<\/a><\/p><p>Gesch\u00e4ftsf\u00fchrer: T. Kleutgen<br \/>HRB 104002 B \/ Amstgericht Berlin<br \/>Charlottenburg<\/p><\/div><\/div>\t\t\t\t\t\t\t\t<\/div>\n\t\t<div class=\"elementor-element elementor-element-05fd880 e-con-full e-flex e-con e-child\" data-id=\"05fd880\" data-element_type=\"container\" data-e-type=\"container\">\n\t\t\t\t<div class=\"elementor-element elementor-element-40d27b4 elementor-widget elementor-widget-spacer\" data-id=\"40d27b4\" data-element_type=\"widget\" data-e-type=\"widget\" data-widget_type=\"spacer.default\">\n\t\t\t\t\t\t\t<div class=\"elementor-spacer\">\n\t\t\t<div class=\"elementor-spacer-inner\"><\/div>\n\t\t<\/div>\n\t\t\t\t\t\t<\/div>\n\t\t\t\t<div class=\"elementor-element elementor-element-97ab375 elementor-widget elementor-widget-heading\" data-id=\"97ab375\" data-element_type=\"widget\" data-e-type=\"widget\" data-widget_type=\"heading.default\">\n\t\t\t\t\t<h2 class=\"elementor-heading-title elementor-size-default\">AGB<\/h2>\t\t\t\t<\/div>\n\t\t\t\t<\/div>\n\t\t\t\t<\/div>\n\t\t<div class=\"elementor-element elementor-element-e039aa5 e-con-full e-flex e-con e-child\" data-id=\"e039aa5\" data-element_type=\"container\" data-e-type=\"container\">\n\t\t\t\t<div class=\"elementor-element elementor-element-6c0a450 elementor-widget elementor-widget-text-editor\" data-id=\"6c0a450\" data-element_type=\"widget\" data-e-type=\"widget\" data-widget_type=\"text-editor.default\">\n\t\t\t\t\t\t\t\t\t<p>Allgemeine Gesch\u00e4ftsbedingungen der Partysan Central GmbH, Pfuelstra\u00dfe 5, 10997 Berlin, info@partysancentral.de, f\u00fcr die Durchf\u00fchrung der Veranstaltung Berlin, Beats &amp; Boats und den Erwerb der Eintrittskarten (Festival Ticket).<\/p><p>Die folgenden Bedingungen gelten f\u00fcr s\u00e4mtliche Leistungen im Zusammenhang mit der Reservierung, dem Verkauf und der Lieferung von Eintrittskarten. Mit der Bestellung\/Kauf akzeptiert der K\u00e4ufer die folgenden Allgemeinen Gesch\u00e4ftsbedingungen der Partysan Central GmbH<\/p><ul><li>1. Geltungsbereich Diese Allgemeinen Gesch\u00e4ftsbedingungen gelten f\u00fcr alle Gesch\u00e4ftsbeziehungen zwischen dem K\u00e4ufer und der Partysan Central GmbH.<\/li><li>2. Zustandekommen des Vertrages Durch die von der Partysan Central GmbH angenommene Bestellung einer Eintrittskarte, kommt eine Vertragsbeziehung ausschlie\u00dflich zwischen dem K\u00e4ufer bzw. Inhaber der Eintrittskarte und der Partysan Central GmbH zu stande. Das Angebot f\u00fcr einen Vertragsabschluss bei <a href=\"http:\/\/www.berlin-beats-boats.de\/\" target=\"_blank\" rel=\"noopener noreferrer\">www.berlin-beats-boats.de<\/a> erfolgt durch den Kunden bei Anklicken des Feldes &#8222;Bestellen&#8220;. Der Vertrag kommt bei Bestellung per Internet erst, wenn Berlin, Beats &amp; Boats dem Kunden die Auftragsbest\u00e4tigung oder Eintrittskarte \u00fcbersendet, zustande. Dies setzt wiederum eine vollst\u00e4ndige Bezahlung der bestellten Tickets voraus.<\/li><li>3. Programm- und Besetzungs\u00e4nderungen Berlin, Beats &amp; Boats haftet nicht f\u00fcr Inhalt, Durchf\u00fchrung, Ablauf, noch Qualit\u00e4t der Veranstaltung und beh\u00e4lt sich Programm- und Besetzungs\u00e4nderungen vor. Dies gilt insbesondere f\u00fcr wetterbedingte Verlegungen oder Absagen der Veranstaltung oder einzelner Veranstaltungsteile. Berlin, Beats &amp; Boats \u00fcbernimmt keine Haftung f\u00fcr die Richtigkeit der wiedergegebenen Daten in Print- und elektronischen Medien sowie sonstigen Ver\u00f6ffentlichungen.<\/li><li>4. Internationaler Eintrittskartenkauf Der Kauf gilt als international, wenn der Kartenkauf aus einem anderen Land als Deutschland get\u00e4tigt wird. F\u00fcr diese Kartenvertr\u00e4ge gilt deutsches Recht, der Gerichtsstand ist Berlin.<\/li><li>5. Ticketkontingente Der Veranstalter ist nicht verpflichtet, Ticketkontingente f\u00fcr die Abendkasse zur\u00fcckzuhalten. Sollte die Kapazit\u00e4t der Veranstaltung bereits durch den Vorverkauf erreicht sein, entf\u00e4llt die Abendkasse. Schadensersatzanspr\u00fcche in diesem Zusammenhang sind generell ausgeschlossen.<\/li><li>7. Zahlungsabwicklung- und Modalit\u00e4ten Der Kaufpreis s\u00e4mtlicher vom K\u00e4ufer im Online-Angebot bestellten Eintrittskarten und \/ oder sonstiger Waren, inklusive der anfallenden Geb\u00fchren (wie z.B. der Vorverkaufs- und Bearbeitungsgeb\u00fchr) und der gesetzlichen Mehrwertsteuer sind sofort ohne Abzug f\u00e4llig. Die Preise f\u00fcr Tickets k\u00f6nnen die aufgedruckten Kartenpreise \u00fcbersteigen. Eintrittskarten werden nach erfolgter Gutschrift auf dem Konto des Veranstalters \u00fcbersandt oder hinterlegt.<\/li><li>8. R\u00fccknahme, Weiterverkauf von Eintrittskarten Gekaufte Eintrittskarten werden grunds\u00e4tzlich nicht zur\u00fcckgenommen, umgetauscht oder gewandelt. Dem Kunden abhanden gekommene oder zerst\u00f6rte Eintrittskarten werden nicht ersetzt oder zur\u00fcckerstattet. Ein Anspruch auf R\u00fcckgabe von Eintrittskarten besteht nur f\u00fcr den Fall, dass die Veranstaltung vollst\u00e4ndig abgesagt wird &#8211; es sei denn, dies ist aufgrund h\u00f6herer Gewalt zwingend erforderlich. Sofern Eintrittskarten wegen einer Veranstaltungsabsage freiwillig und ohne Anerkennung einer Rechtspflicht zur\u00fcckgenommen werden, erfolgt die R\u00fccknahme und die R\u00fcckerstattung des Kaufpreises im Regelfall nur bis zu zwei Wochen nach dem Veranstaltungstermin und bei der Vorverkaufsstelle, bei der die Karten erworben wurden. Der Weiterverkauf der Eintrtitskarten ist untersagt. Bei Verdacht auf Missbrauch oder den Weiterverkauf der Eintrittskarten beh\u00e4lt sich die Partysan Central GmbH vor, die betroffenen Bestellungen zu stornieren \/ refundieren.<\/li><li>9. \u00dcberf\u00fcllung Sollte einer der Veranstaltungsorte in seiner Kapazit\u00e4t ausgelastet sein, ist der Veranstalter berechtigt, den Zugang zu verwehren und so lange auf einen der anderen Veranstaltungsorte zu verweisen, der noch nicht an der Kapazit\u00e4tsgrenze angelangt ist. Daraus entstehen keinerlei Anspr\u00fcche des K\u00e4ufers gegen den Veranstalter.<\/li><li>10. Versand, Versandrisiko \u00dcbersendet Berlin, Beats &amp; Boats dem K\u00e4ufer auf seinen Wunsch Eintrittskarten, so tr\u00e4gt dieser das Versandrisiko. Berlin, Beats &amp; Boats ist in diesem Fall zur Ersatzbeschaffung nicht verpflichtet. Der Versand erfolgt unverz\u00fcglich nach Ordereingang und Bezahlung. Berlin, Beats &amp; Boats beh\u00e4lt sich vor, die Versandart und den Dienstleister nach freiem Ermessen auszuw\u00e4hlen.<\/li><li>11. Haftung bei Veranstaltungen Berlin, Beats &amp; Boats haftet gegen\u00fcber dem Vertragspartner\/ Ticketk\u00e4ufer f\u00fcr schuldhaft verursachte Sch\u00e4den an Leben, K\u00f6rper oder Gesundheit nach den gesetzlichen Bestimmungen. F\u00fcr Sch\u00e4den an sonstigen G\u00fctern gilt im vorgenannten T\u00e4tigkeitsfeld des Veranstalters folgendes:<ul><li>Die Partysan Central GmbH haftet bei Vorsatz oder bei grober Fahrl\u00e4ssigkeit im Rahmen des vorhersehbaren Schadens, wenn wesentliche Vertragspflichten verletzt werden.<\/li><li>Bei grober Fahrl\u00e4ssigkeit ist die Haftung auf den vertragstypischen, unmittelbaren Durchschnittsschaden beschr\u00e4nkt, wenn nur unwesentliche Vertragspflichten verletzt wurden. In gleichem Umfang ist die Haftung begrenzt, bei leicht fahrl\u00e4ssiger Verletzung wesentlicher Vertragspflichten. Bei leicht fahrl\u00e4ssiger Verletzung unwesentlicher Vertragspflichten haftet die Partysan Central GmbH nicht. Soweit die Haftung des Veranstalters ausgeschlossen oder beschr\u00e4nkt ist, gilt dies auch f\u00fcr die Haftung der eingeschalteten Erf\u00fcllungs- und Verrichtungsgehilfen. Partysan Central GmbH haftet nicht f\u00fcr St\u00f6rungen und Beeintr\u00e4chtigungen, die durch au\u00dferhalb seines Einflussbereichs liegende Umst\u00e4nde, verursacht werden. Bei Abbruch oder Teilabruch der Veranstaltung \u00a0nach Beginn erfolgt keine R\u00fcckerstattung des Kaufpreises. Schadensersatzanspr\u00fcche werden ausgeschlossen.<\/li><\/ul><\/li><li>12. Pflichten des Bestellers, Hausrecht a) Gef\u00e4hrliche Gegenst\u00e4nde wie Gasbeh\u00e4lter, pyrotechnische Artikel, Fackeln, Waffen jeder Art sowie Gegenst\u00e4nde, die sich als Wurfgeschosse verwenden lassen, d\u00fcrfen nicht mitgebracht werden. Das Mitbringen eigener Getr\u00e4nke und Speisen in die Veranstaltungen ist ebenfalls untersagt. Dies gilt auch f\u00fcr Bet\u00e4ubungs- u. Rauschmittel. In diesem Fall wird ein sofortiges Hausverbot erteilt und Anzeige erstattet. b) Tonbandger\u00e4te, Film-, Foto- oder Videokameras d\u00fcrfen nur nach ausdr\u00fccklicher Genehmigung des Veranstalters mitgef\u00fchrt oder betrieben werden. Davon ausgeschlossen ist die private Nutzungen von Smartphones und deren Foto- bzw. Videofunktionen. Im Falle einer gewerblichen Verwertung der Fotos, Videos und Tonaufnahmen wird der Missbrauch zur Anzeige gebracht. c) Berlin, Beats &amp; Boats beh\u00e4lt sich vor, Personen im alkoholisierten Zustand, bzw. bei einem f\u00fcr die Veranstaltung unangemessenem Erscheinungsbild oder Verhalten, insbesondere wegen Gewaltt\u00e4tigkeiten, keinen Einlass zu gew\u00e4hren, bzw. des Veranstaltungsortes zu verweisen. Eine R\u00fcckerstattung des Kaufpreises ist in diesem Fall ausgeschlossen. d) Bei Zuwiderhandlung gegen die Gesch\u00e4ftsbedingungen beh\u00e4lt sich der Veranstalter vor, Karteninhaber vom Veranstaltungsort zu verweisen bzw. ein grunds\u00e4tzliches Hausverbot auszusprechen. Eine R\u00fcckerstattung des Kaufpreises ist in diesem Fall ausgeschlossen.<\/li><li>13. Ver\u00f6ffentlichungs-\/ Verwertungsrechte Der Eintrittskartenerwerber bzw. -inhaber nimmt Kenntnis davon, dass Bild- und Tonaufnahmen durch Vertreter der Presse, den Veranstalter oder durch ihn beauftrage Dritte jederzeit gemacht werden k\u00f6nnen und er auf diesen zu sehen bzw. zu h\u00f6ren ist. Die Genehmigung durch den Eintrittskartenerwerber bzw. -inhaber erfolgt ausdr\u00fccklich durch den Kauf der Eintrittskarte. Er genehmigt ebenso die Ver\u00f6ffentlichung und Verwertung im Ganzen oder in Ausz\u00fcgen der Bild- und Tonaufnahmen \u00fcber Presse, Film, Radio, Fernsehen sowie Internet und verzichtet auf alle Rechte sowie hieraus entstehende Anspr\u00fcche. F\u00fcr die von sog. &#8222;Onlineportalen&#8220; erstellten und ver\u00f6ffentlichten Bildaufnahmen \u00fcbernimmt der Veranstalter keine Haftung, Schadensersatzanspr\u00fcche jeglicher Art werden ausgeschlossen.<\/li><li>14. Datenschutz Die personenbezogenen Daten der K\u00e4ufer werden unter Einhaltung des deutschen Bundesdatenschutzgesetzes (BDSG) sowie sonstiger datenschutzrechtlicher Bestimmungen, in dem f\u00fcr die Durchf\u00fchrung des Vertrages erforderlichen Umfang im automatisierten Verfahren erhoben, bearbeitet und genutzt.<\/li><li>15. Widerrufs-\/ R\u00fccktrittsrecht Bei der Bestellung von Eintrittskarten und Unterk\u00fcnften im Online shop, besteht nach \u00a7 312b Abs. 3 Nr. 6 BGB kein Widerrufs-\/R\u00fccktrittsrecht.<\/li><li>16. Gerichtsstand \/ Schlussbestimmungen a) Sollten einzelne Ausf\u00fchrungen\/Unterpunkte dieser AGBs unwirksam sein, so bleibt die G\u00fcltigkeit des Vertrages im \u00fcbrigen wirksam. b) Es gilt ausschlie\u00dflich deutsches Recht unter Ausschluss des UN-Kaufrechts (CISG). c) Alleiniger Erf\u00fcllungsort f\u00fcr Lieferung, Leistung und Zahlung ist Berlin. d) Sind beide Vertragsparteien Kaufleute, so ist ausschlie\u00dflicher Gerichtsstand f\u00fcr alle sich aus dem Vertragsverh\u00e4ltnis unmittelbar oder mittelbar ergebenen Streitigkeiten Berlin.<br \/><br \/><\/li><\/ul><p>Stand: 30.04.2025<\/p>\t\t\t\t\t\t\t\t<\/div>\n\t\t<div class=\"elementor-element elementor-element-d28dd9b e-con-full e-flex e-con e-child\" data-id=\"d28dd9b\" data-element_type=\"container\" data-e-type=\"container\">\n\t\t\t\t<\/div>\n\t\t\t\t<\/div>\n\t\t\t\t\t<\/div>\n\t\t\t\t<\/div>\n\t\t\t\t<\/div>\n\t\t","protected":false},"excerpt":{"rendered":"<p>Kontakt PARTYSAN CENTRAL GmbHPfuelstra\u00dfe 510997 Berlin Fax: +49 30 400567-19 info{at}partysancentral.de www.berlin-beats-boats.de Gesch\u00e4ftsf\u00fchrer: T. KleutgenHRB 104002 B \/ Amstgericht BerlinCharlottenburg AGB Allgemeine Gesch\u00e4ftsbedingungen der Partysan Central GmbH, Pfuelstra\u00dfe 5, 10997 Berlin, info@partysancentral.de, f\u00fcr die Durchf\u00fchrung der Veranstaltung Berlin, Beats &amp; Boats und den Erwerb der Eintrittskarten (Festival Ticket). Die folgenden Bedingungen gelten f\u00fcr s\u00e4mtliche Leistungen [&hellip;]<\/p>\n","protected":false},"author":1,"featured_media":0,"parent":0,"menu_order":0,"comment_status":"closed","ping_status":"closed","template":"","meta":{"footnotes":""},"class_list":["post-22","page","type-page","status-publish","hentry"],"yoast_head":"<!-- This site is optimized with the Yoast SEO plugin v27.3 - https:\/\/yoast.com\/product\/yoast-seo-wordpress\/ -->\n<title>Impressum - Berlin, Beats &amp; Boats 2026<\/title>\n<meta name=\"robots\" content=\"index, follow, max-snippet:-1, max-image-preview:large, max-video-preview:-1\" \/>\n<link rel=\"canonical\" href=\"https:\/\/berlin-beats-boats.de\/?page_id=22\" \/>\n<meta property=\"og:locale\" content=\"de_DE\" \/>\n<meta property=\"og:type\" content=\"article\" \/>\n<meta property=\"og:title\" content=\"Impressum - Berlin, Beats &amp; Boats 2026\" \/>\n<meta property=\"og:description\" content=\"Kontakt PARTYSAN CENTRAL GmbHPfuelstra\u00dfe 510997 Berlin Fax: +49 30 400567-19 info{at}partysancentral.de www.berlin-beats-boats.de Gesch\u00e4ftsf\u00fchrer: T. KleutgenHRB 104002 B \/ Amstgericht BerlinCharlottenburg AGB Allgemeine Gesch\u00e4ftsbedingungen der Partysan Central GmbH, Pfuelstra\u00dfe 5, 10997 Berlin, info@partysancentral.de, f\u00fcr die Durchf\u00fchrung der Veranstaltung Berlin, Beats &amp; Boats und den Erwerb der Eintrittskarten (Festival Ticket). Die folgenden Bedingungen gelten f\u00fcr s\u00e4mtliche Leistungen [&hellip;]\" \/>\n<meta property=\"og:url\" content=\"https:\/\/berlin-beats-boats.de\/?page_id=22\" \/>\n<meta property=\"og:site_name\" content=\"Berlin, Beats &amp; Boats 2026\" \/>\n<meta property=\"article:publisher\" content=\"https:\/\/www.facebook.com\/berlinbeatsboats\/\" \/>\n<meta property=\"article:modified_time\" content=\"2026-02-18T15:16:46+00:00\" \/>\n<meta property=\"og:image\" content=\"https:\/\/berlin-beats-boats.de\/wp-content\/uploads\/2026\/02\/468038742_10160488183047393_477118276766771874_n.jpg\" \/>\n\t<meta property=\"og:image:width\" content=\"1200\" \/>\n\t<meta property=\"og:image:height\" content=\"801\" \/>\n\t<meta property=\"og:image:type\" content=\"image\/jpeg\" \/>\n<meta name=\"twitter:card\" content=\"summary_large_image\" \/>\n<meta name=\"twitter:label1\" content=\"Gesch\u00e4tzte Lesezeit\" \/>\n\t<meta name=\"twitter:data1\" content=\"6\u00a0Minuten\" \/>\n<script type=\"application\/ld+json\" class=\"yoast-schema-graph\">{\"@context\":\"https:\\\/\\\/schema.org\",\"@graph\":[{\"@type\":\"WebPage\",\"@id\":\"https:\\\/\\\/berlin-beats-boats.de\\\/?page_id=22\",\"url\":\"https:\\\/\\\/berlin-beats-boats.de\\\/?page_id=22\",\"name\":\"Impressum - Berlin, Beats &amp; Boats 2026\",\"isPartOf\":{\"@id\":\"https:\\\/\\\/berlin-beats-boats.de\\\/#website\"},\"datePublished\":\"2026-01-19T16:19:01+00:00\",\"dateModified\":\"2026-02-18T15:16:46+00:00\",\"breadcrumb\":{\"@id\":\"https:\\\/\\\/berlin-beats-boats.de\\\/?page_id=22#breadcrumb\"},\"inLanguage\":\"de\",\"potentialAction\":[{\"@type\":\"ReadAction\",\"target\":[\"https:\\\/\\\/berlin-beats-boats.de\\\/?page_id=22\"]}]},{\"@type\":\"BreadcrumbList\",\"@id\":\"https:\\\/\\\/berlin-beats-boats.de\\\/?page_id=22#breadcrumb\",\"itemListElement\":[{\"@type\":\"ListItem\",\"position\":1,\"name\":\"Start\",\"item\":\"https:\\\/\\\/berlin-beats-boats.de\\\/\"},{\"@type\":\"ListItem\",\"position\":2,\"name\":\"Impressum\"}]},{\"@type\":\"WebSite\",\"@id\":\"https:\\\/\\\/berlin-beats-boats.de\\\/#website\",\"url\":\"https:\\\/\\\/berlin-beats-boats.de\\\/\",\"name\":\"Berlin, Beats & Boats 2026\",\"description\":\"Berlin, Beats &amp; Boats \u2013 tanzen auf der Spree.\",\"publisher\":{\"@id\":\"https:\\\/\\\/berlin-beats-boats.de\\\/#organization\"},\"potentialAction\":[{\"@type\":\"SearchAction\",\"target\":{\"@type\":\"EntryPoint\",\"urlTemplate\":\"https:\\\/\\\/berlin-beats-boats.de\\\/?s={search_term_string}\"},\"query-input\":{\"@type\":\"PropertyValueSpecification\",\"valueRequired\":true,\"valueName\":\"search_term_string\"}}],\"inLanguage\":\"de\"},{\"@type\":\"Organization\",\"@id\":\"https:\\\/\\\/berlin-beats-boats.de\\\/#organization\",\"name\":\"Berlin, Beats & Boats 2026\",\"url\":\"https:\\\/\\\/berlin-beats-boats.de\\\/\",\"logo\":{\"@type\":\"ImageObject\",\"inLanguage\":\"de\",\"@id\":\"https:\\\/\\\/berlin-beats-boats.de\\\/#\\\/schema\\\/logo\\\/image\\\/\",\"url\":\"https:\\\/\\\/berlin-beats-boats.de\\\/wp-content\\\/uploads\\\/2026\\\/01\\\/26_BBB_Logo_Anker-01.svg\",\"contentUrl\":\"https:\\\/\\\/berlin-beats-boats.de\\\/wp-content\\\/uploads\\\/2026\\\/01\\\/26_BBB_Logo_Anker-01.svg\",\"width\":972,\"height\":341,\"caption\":\"Berlin, Beats & Boats 2026\"},\"image\":{\"@id\":\"https:\\\/\\\/berlin-beats-boats.de\\\/#\\\/schema\\\/logo\\\/image\\\/\"},\"sameAs\":[\"https:\\\/\\\/www.facebook.com\\\/berlinbeatsboats\\\/\",\"https:\\\/\\\/www.instagram.com\\\/berlinbeatsandboats\\\/\",\"https:\\\/\\\/www.youtube.com\\\/stadtstrandfluss\"]}]}<\/script>\n<!-- \/ Yoast SEO plugin. -->","yoast_head_json":{"title":"Impressum - Berlin, Beats &amp; Boats 2026","robots":{"index":"index","follow":"follow","max-snippet":"max-snippet:-1","max-image-preview":"max-image-preview:large","max-video-preview":"max-video-preview:-1"},"canonical":"https:\/\/berlin-beats-boats.de\/?page_id=22","og_locale":"de_DE","og_type":"article","og_title":"Impressum - Berlin, Beats &amp; Boats 2026","og_description":"Kontakt PARTYSAN CENTRAL GmbHPfuelstra\u00dfe 510997 Berlin Fax: +49 30 400567-19 info{at}partysancentral.de www.berlin-beats-boats.de Gesch\u00e4ftsf\u00fchrer: T. KleutgenHRB 104002 B \/ Amstgericht BerlinCharlottenburg AGB Allgemeine Gesch\u00e4ftsbedingungen der Partysan Central GmbH, Pfuelstra\u00dfe 5, 10997 Berlin, info@partysancentral.de, f\u00fcr die Durchf\u00fchrung der Veranstaltung Berlin, Beats &amp; Boats und den Erwerb der Eintrittskarten (Festival Ticket). Die folgenden Bedingungen gelten f\u00fcr s\u00e4mtliche Leistungen [&hellip;]","og_url":"https:\/\/berlin-beats-boats.de\/?page_id=22","og_site_name":"Berlin, Beats &amp; Boats 2026","article_publisher":"https:\/\/www.facebook.com\/berlinbeatsboats\/","article_modified_time":"2026-02-18T15:16:46+00:00","og_image":[{"width":1200,"height":801,"url":"https:\/\/berlin-beats-boats.de\/wp-content\/uploads\/2026\/02\/468038742_10160488183047393_477118276766771874_n.jpg","type":"image\/jpeg"}],"twitter_card":"summary_large_image","twitter_misc":{"Gesch\u00e4tzte Lesezeit":"6\u00a0Minuten"},"schema":{"@context":"https:\/\/schema.org","@graph":[{"@type":"WebPage","@id":"https:\/\/berlin-beats-boats.de\/?page_id=22","url":"https:\/\/berlin-beats-boats.de\/?page_id=22","name":"Impressum - Berlin, Beats &amp; Boats 2026","isPartOf":{"@id":"https:\/\/berlin-beats-boats.de\/#website"},"datePublished":"2026-01-19T16:19:01+00:00","dateModified":"2026-02-18T15:16:46+00:00","breadcrumb":{"@id":"https:\/\/berlin-beats-boats.de\/?page_id=22#breadcrumb"},"inLanguage":"de","potentialAction":[{"@type":"ReadAction","target":["https:\/\/berlin-beats-boats.de\/?page_id=22"]}]},{"@type":"BreadcrumbList","@id":"https:\/\/berlin-beats-boats.de\/?page_id=22#breadcrumb","itemListElement":[{"@type":"ListItem","position":1,"name":"Start","item":"https:\/\/berlin-beats-boats.de\/"},{"@type":"ListItem","position":2,"name":"Impressum"}]},{"@type":"WebSite","@id":"https:\/\/berlin-beats-boats.de\/#website","url":"https:\/\/berlin-beats-boats.de\/","name":"Berlin, Beats & Boats 2026","description":"Berlin, Beats &amp; Boats \u2013 tanzen auf der Spree.","publisher":{"@id":"https:\/\/berlin-beats-boats.de\/#organization"},"potentialAction":[{"@type":"SearchAction","target":{"@type":"EntryPoint","urlTemplate":"https:\/\/berlin-beats-boats.de\/?s={search_term_string}"},"query-input":{"@type":"PropertyValueSpecification","valueRequired":true,"valueName":"search_term_string"}}],"inLanguage":"de"},{"@type":"Organization","@id":"https:\/\/berlin-beats-boats.de\/#organization","name":"Berlin, Beats & Boats 2026","url":"https:\/\/berlin-beats-boats.de\/","logo":{"@type":"ImageObject","inLanguage":"de","@id":"https:\/\/berlin-beats-boats.de\/#\/schema\/logo\/image\/","url":"https:\/\/berlin-beats-boats.de\/wp-content\/uploads\/2026\/01\/26_BBB_Logo_Anker-01.svg","contentUrl":"https:\/\/berlin-beats-boats.de\/wp-content\/uploads\/2026\/01\/26_BBB_Logo_Anker-01.svg","width":972,"height":341,"caption":"Berlin, Beats & Boats 2026"},"image":{"@id":"https:\/\/berlin-beats-boats.de\/#\/schema\/logo\/image\/"},"sameAs":["https:\/\/www.facebook.com\/berlinbeatsboats\/","https:\/\/www.instagram.com\/berlinbeatsandboats\/","https:\/\/www.youtube.com\/stadtstrandfluss"]}]}},"_links":{"self":[{"href":"https:\/\/berlin-beats-boats.de\/index.php?rest_route=\/wp\/v2\/pages\/22","targetHints":{"allow":["GET"]}}],"collection":[{"href":"https:\/\/berlin-beats-boats.de\/index.php?rest_route=\/wp\/v2\/pages"}],"about":[{"href":"https:\/\/berlin-beats-boats.de\/index.php?rest_route=\/wp\/v2\/types\/page"}],"author":[{"embeddable":true,"href":"https:\/\/berlin-beats-boats.de\/index.php?rest_route=\/wp\/v2\/users\/1"}],"replies":[{"embeddable":true,"href":"https:\/\/berlin-beats-boats.de\/index.php?rest_route=%2Fwp%2Fv2%2Fcomments&post=22"}],"version-history":[{"count":19,"href":"https:\/\/berlin-beats-boats.de\/index.php?rest_route=\/wp\/v2\/pages\/22\/revisions"}],"predecessor-version":[{"id":1976,"href":"https:\/\/berlin-beats-boats.de\/index.php?rest_route=\/wp\/v2\/pages\/22\/revisions\/1976"}],"wp:attachment":[{"href":"https:\/\/berlin-beats-boats.de\/index.php?rest_route=%2Fwp%2Fv2%2Fmedia&parent=22"}],"curies":[{"name":"wp","href":"https:\/\/api.w.org\/{rel}","templated":true}]}}